{"id":88,"date":"2019-04-26T21:10:23","date_gmt":"2019-04-26T21:10:23","guid":{"rendered":"http:\/\/resortestollan.com.mx\/?page_id=88"},"modified":"2020-01-28T21:03:26","modified_gmt":"2020-01-28T21:03:26","slug":"nuestros-productos","status":"publish","type":"page","link":"https:\/\/resortestollan.com.mx\/index.php\/nuestros-productos\/","title":{"rendered":"NUESTROS PRODUCTOS"},"content":{"rendered":"\n<figure class=\"wp-block-image is-resized\"><img fetchpriority=\"high\" decoding=\"async\" src=\"http:\/\/resortestollan.com.mx\/wp-content\/uploads\/2019\/12\/productos-peq-1024x579.png\" alt=\"\" class=\"wp-image-328\" width=\"773\" height=\"436\" srcset=\"https:\/\/resortestollan.com.mx\/wp-content\/uploads\/2019\/12\/productos-peq-1024x579.png 1024w, https:\/\/resortestollan.com.mx\/wp-content\/uploads\/2019\/12\/productos-peq-300x170.png 300w, https:\/\/resortestollan.com.mx\/wp-content\/uploads\/2019\/12\/productos-peq-768x434.png 768w, https:\/\/resortestollan.com.mx\/wp-content\/uploads\/2019\/12\/productos-peq.png 1978w\" sizes=\"(max-width: 773px) 100vw, 773px\" \/><\/figure>\n\n\n\n<blockquote class=\"wp-block-quote is-style-default\"><p> <br><strong>RESORTES COMPRESI\u00d3N<\/strong> <\/p><p>Los resortes de compresi\u00f3n son de espiral abierta, estos se comprimen y almacenan la energ\u00eda en forma de empuje.  <br> <br><strong>RESORTES DE TENSI\u00d3N<\/strong> <\/p><p>Son resortes utilizados para ejercer una fuerza de tracci\u00f3n, los ganchos o terminales de los resortes de tensi\u00f3n est\u00e1n dise\u00f1ados para facilitar el ensamble con otras piezas para su correcto funcionamiento.<\/p><p><br><strong>RESORTES DE TORSI\u00d3N<\/strong> <\/p><p>Son dise\u00f1ados para resistir fuerzas de torsi\u00f3n o de rotaci\u00f3n en dos direcciones. Los resortes de torsi\u00f3n son creados con el prop\u00f3sito de almacenar y liberar energ\u00eda angular o para mantener un mecanismo en su lugar,  son montados generalmente alrededor de un eje y debe sujetarse por tres o m\u00e1s puntos.<\/p><p><br><strong>RESORTES C\u00d3NICOS<\/strong>  <\/p><p>Es un resorte que tiene un cuerpo c\u00f3nico con un gran di\u00e1metro exterior en la base y un peque\u00f1o di\u00e1metro exterior en la parte superior. Estos resortes est\u00e1n dise\u00f1ados para proporcionar estabilidad en situaciones donde un resorte de compresi\u00f3n regular se tuerce o dobla. <\/p><p>Los resortes c\u00f3nicos se utilizan en muchas industrias, por ejemplo, en contactos el\u00e9ctricos (contactos de bater\u00edas, botones pulsadores), sistemas de suspensi\u00f3n automotriz, dispositivos m\u00e9dicos, tel\u00e9fonos celulares, podadoras de c\u00e9sped y prensas de estampado grandes, etc.<\/p><p> <br><strong>FORMAS DE ALAMBRE<\/strong> <\/p><p>Una forma de alambre es un alambre que tiene dobleces, radios o ganchos en su cuerpo para acoplarse con su objetivo.<\/p><\/blockquote>\n\n\n\n<ul><li><\/li><\/ul>\n","protected":false},"excerpt":{"rendered":"<p>RESORTES COMPRESI\u00d3N Los resortes de compresi\u00f3n son de espiral abierta, estos se comprimen y almacenan la energ\u00eda en forma de empuje. RESORTES DE TENSI\u00d3N Son resortes utilizados para ejercer una fuerza de tracci\u00f3n, los ganchos o terminales de los resortes de tensi\u00f3n est\u00e1n dise\u00f1ados para facilitar el ensamble con otras piezas para su correcto funcionamiento. [&hellip;]<\/p>\n","protected":false},"author":1,"featured_media":0,"parent":0,"menu_order":0,"comment_status":"closed","ping_status":"closed","template":"","meta":{"footnotes":""},"jetpack_sharing_enabled":true,"_links":{"self":[{"href":"https:\/\/resortestollan.com.mx\/index.php\/wp-json\/wp\/v2\/pages\/88"}],"collection":[{"href":"https:\/\/resortestollan.com.mx\/index.php\/wp-json\/wp\/v2\/pages"}],"about":[{"href":"https:\/\/resortestollan.com.mx\/index.php\/wp-json\/wp\/v2\/types\/page"}],"author":[{"embeddable":true,"href":"https:\/\/resortestollan.com.mx\/index.php\/wp-json\/wp\/v2\/users\/1"}],"replies":[{"embeddable":true,"href":"https:\/\/resortestollan.com.mx\/index.php\/wp-json\/wp\/v2\/comments?post=88"}],"version-history":[{"count":25,"href":"https:\/\/resortestollan.com.mx\/index.php\/wp-json\/wp\/v2\/pages\/88\/revisions"}],"predecessor-version":[{"id":349,"href":"https:\/\/resortestollan.com.mx\/index.php\/wp-json\/wp\/v2\/pages\/88\/revisions\/349"}],"wp:attachment":[{"href":"https:\/\/resortestollan.com.mx\/index.php\/wp-json\/wp\/v2\/media?parent=88"}],"curies":[{"name":"wp","href":"https:\/\/api.w.org\/{rel}","templated":true}]}}